{"id":63,"date":"2020-03-28T14:40:57","date_gmt":"2020-03-28T14:40:57","guid":{"rendered":"http:\/\/demo.sharkthemes.com\/musicaholic-pro\/?page_id=63"},"modified":"2025-07-24T17:20:54","modified_gmt":"2025-07-24T15:20:54","slug":"reapon","status":"publish","type":"page","link":"https:\/\/festivalchateaubleu.fr\/?page_id=63","title":{"rendered":"REAPON &#8211; Samedi 23\/08"},"content":{"rendered":"\n<h2 class=\"wp-block-heading\">Microhouse &#8211; Techno &#8211; Hardgroove<\/h2>\n\n\n\n<div class=\"wp-block-columns is-layout-flex wp-container-core-columns-is-layout-9d6595d7 wp-block-columns-is-layout-flex\">\n<div class=\"wp-block-column is-layout-flow wp-block-column-is-layout-flow\">\n<figure class=\"wp-block-image size-full\"><img loading=\"lazy\" decoding=\"async\" width=\"1440\" height=\"2560\" src=\"https:\/\/festivalchateaubleu.fr\/wp-content\/uploads\/2025\/06\/Reapon-5-scaled.png\" alt=\"\" class=\"wp-image-2819\" srcset=\"https:\/\/festivalchateaubleu.fr\/wp-content\/uploads\/2025\/06\/Reapon-5-scaled.png 1440w, https:\/\/festivalchateaubleu.fr\/wp-content\/uploads\/2025\/06\/Reapon-5-169x300.png 169w, https:\/\/festivalchateaubleu.fr\/wp-content\/uploads\/2025\/06\/Reapon-5-576x1024.png 576w, https:\/\/festivalchateaubleu.fr\/wp-content\/uploads\/2025\/06\/Reapon-5-768x1366.png 768w, https:\/\/festivalchateaubleu.fr\/wp-content\/uploads\/2025\/06\/Reapon-5-864x1536.png 864w, https:\/\/festivalchateaubleu.fr\/wp-content\/uploads\/2025\/06\/Reapon-5-1152x2048.png 1152w\" sizes=\"auto, (max-width: 1440px) 100vw, 1440px\" \/><\/figure>\n<\/div>\n\n\n\n<div class=\"wp-block-column is-layout-flow wp-block-column-is-layout-flow\">\n<p><strong>Reapon <\/strong>cofondateur du <a href=\"https:\/\/sites.google.com\/view\/barbebleue\/accueil\" target=\"_blank\" rel=\"noreferrer noopener\">collectif Barbe Bleue<\/a> est un passionn\u00e9 de musiques minimalistes. Entre la microhouse, la techno et la hardgroove, entour\u00e9 de ses machines analogiques et son ordinateur, il donne vie \u00e0 ses \u00e9motions les plus profondes. <br>Son travail est une recherche autour d\u2019un voyage hypnotique, bas\u00e9 sur la r\u00e9p\u00e9tition et de subtiles variations sonores. Les morceaux qu\u2019il compose ou qu\u2019il s\u00e9lectionne pour ses DJ sets sont constitu\u00e9s de patterns dans lesquels fusionnent des grooves tr\u00e8s marqu\u00e9s, des percussions incisives, des textures organiques et des nappes atmosph\u00e9riques profondes. Cette combinaison enivrante est souvent teint\u00e9e de m\u00e9lancolie, un sentiment fort qu\u2019il m\u00e9lange \u00e0 une \u00e9nergie dansante.<\/p>\n\n\n\n<p><\/p>\n\n\n\n<h3 class=\"wp-block-heading\">R\u00e9seaux<\/h3>\n\n\n\n<ul class=\"wp-block-list\">\n<li>Soundcloud : <a href=\"https:\/\/soundcloud.com\/reapon\" target=\"_blank\" rel=\"noreferrer noopener\">https:\/\/soundcloud.com\/reapon<\/a><\/li>\n\n\n\n<li>Insta<a href=\"https:\/\/www.instagram.com\/reapon_music\/\" target=\"_blank\" rel=\"noreferrer noopener\"> : www.instagram.com\/reapon_music\/<\/a><\/li>\n\n\n\n<li>Facebook : <a href=\"https:\/\/www.facebook.com\/reapon.music\" target=\"_blank\" rel=\"noreferrer noopener\">www.facebook.com\/reapon.music<\/a><\/li>\n\n\n\n<li>Bandcamp : <a href=\"https:\/\/reapon.bandcamp.com\/\" target=\"_blank\" rel=\"noreferrer noopener\">https:\/\/reapon.bandcamp.com\/<\/a><\/li>\n\n\n\n<li>Linktree : <a href=\"https:\/\/linktr.ee\/reapon_music\" target=\"_blank\" rel=\"noreferrer noopener\">linktr.ee\/reapon_music<\/a><\/li>\n<\/ul>\n\n\n\n<p><\/p>\n<\/div>\n<\/div>\n","protected":false},"excerpt":{"rendered":"<p>Microhouse &#8211; Techno &#8211; Hardgroove Reapon cofondateur du collectif Barbe Bleue est un passionn\u00e9 de musiques minimalistes. Entre la microhouse, [&hellip;]<\/p>\n","protected":false},"author":1,"featured_media":2817,"parent":0,"menu_order":0,"comment_status":"closed","ping_status":"closed","template":"","meta":{"footnotes":""},"class_list":["post-63","page","type-page","status-publish","has-post-thumbnail","hentry"],"yoast_head":"<!-- This site is optimized with the Yoast SEO plugin v25.7 - https:\/\/yoast.com\/wordpress\/plugins\/seo\/ -->\n<title>REAPON - Samedi 23\/08 - Ch\u00e2teau Bleu<\/title>\n<meta name=\"robots\" content=\"index, follow, max-snippet:-1, max-image-preview:large, max-video-preview:-1\" \/>\n<link rel=\"canonical\" href=\"https:\/\/festivalchateaubleu.fr\/?page_id=63\" \/>\n<meta property=\"og:locale\" content=\"fr_FR\" \/>\n<meta property=\"og:type\" content=\"article\" \/>\n<meta property=\"og:title\" content=\"REAPON - Samedi 23\/08 - Ch\u00e2teau Bleu\" \/>\n<meta property=\"og:description\" content=\"Microhouse &#8211; Techno &#8211; Hardgroove Reapon cofondateur du collectif Barbe Bleue est un passionn\u00e9 de musiques minimalistes. Entre la microhouse, [&hellip;]\" \/>\n<meta property=\"og:url\" content=\"https:\/\/festivalchateaubleu.fr\/?page_id=63\" \/>\n<meta property=\"og:site_name\" content=\"Ch\u00e2teau Bleu\" \/>\n<meta property=\"article:publisher\" content=\"https:\/\/www.facebook.com\/barbebleuepornic\" \/>\n<meta property=\"article:modified_time\" content=\"2025-07-24T15:20:54+00:00\" \/>\n<meta property=\"og:image\" content=\"http:\/\/festivalchateaubleu.fr\/wp-content\/uploads\/2025\/06\/Reapon-4-scaled.jpeg\" \/>\n\t<meta property=\"og:image:width\" content=\"2560\" \/>\n\t<meta property=\"og:image:height\" content=\"1701\" \/>\n\t<meta property=\"og:image:type\" content=\"image\/jpeg\" \/>\n<meta name=\"twitter:card\" content=\"summary_large_image\" \/>\n<meta name=\"twitter:label1\" content=\"Dur\u00e9e de lecture estim\u00e9e\" \/>\n\t<meta name=\"twitter:data1\" content=\"2 minutes\" \/>\n<script type=\"application\/ld+json\" class=\"yoast-schema-graph\">{\"@context\":\"https:\/\/schema.org\",\"@graph\":[{\"@type\":\"WebPage\",\"@id\":\"https:\/\/festivalchateaubleu.fr\/?page_id=63\",\"url\":\"https:\/\/festivalchateaubleu.fr\/?page_id=63\",\"name\":\"REAPON - Samedi 23\/08 - Ch\u00e2teau Bleu\",\"isPartOf\":{\"@id\":\"https:\/\/festivalchateaubleu.fr\/#website\"},\"primaryImageOfPage\":{\"@id\":\"https:\/\/festivalchateaubleu.fr\/?page_id=63#primaryimage\"},\"image\":{\"@id\":\"https:\/\/festivalchateaubleu.fr\/?page_id=63#primaryimage\"},\"thumbnailUrl\":\"https:\/\/festivalchateaubleu.fr\/wp-content\/uploads\/2025\/06\/Reapon-4-scaled.jpeg\",\"datePublished\":\"2020-03-28T14:40:57+00:00\",\"dateModified\":\"2025-07-24T15:20:54+00:00\",\"breadcrumb\":{\"@id\":\"https:\/\/festivalchateaubleu.fr\/?page_id=63#breadcrumb\"},\"inLanguage\":\"fr-FR\",\"potentialAction\":[{\"@type\":\"ReadAction\",\"target\":[\"https:\/\/festivalchateaubleu.fr\/?page_id=63\"]}]},{\"@type\":\"ImageObject\",\"inLanguage\":\"fr-FR\",\"@id\":\"https:\/\/festivalchateaubleu.fr\/?page_id=63#primaryimage\",\"url\":\"https:\/\/festivalchateaubleu.fr\/wp-content\/uploads\/2025\/06\/Reapon-4-scaled.jpeg\",\"contentUrl\":\"https:\/\/festivalchateaubleu.fr\/wp-content\/uploads\/2025\/06\/Reapon-4-scaled.jpeg\",\"width\":2560,\"height\":1701,\"caption\":\"Reapon\"},{\"@type\":\"BreadcrumbList\",\"@id\":\"https:\/\/festivalchateaubleu.fr\/?page_id=63#breadcrumb\",\"itemListElement\":[{\"@type\":\"ListItem\",\"position\":1,\"name\":\"Accueil\",\"item\":\"https:\/\/festivalchateaubleu.fr\/\"},{\"@type\":\"ListItem\",\"position\":2,\"name\":\"REAPON &#8211; Samedi 23\/08\"}]},{\"@type\":\"WebSite\",\"@id\":\"https:\/\/festivalchateaubleu.fr\/#website\",\"url\":\"https:\/\/festivalchateaubleu.fr\/\",\"name\":\"Festival Ch\u00e2teau Bleu 7\",\"description\":\"Musiques \u00e9lectroniques &amp; Arts graphiques\",\"publisher\":{\"@id\":\"https:\/\/festivalchateaubleu.fr\/#organization\"},\"potentialAction\":[{\"@type\":\"SearchAction\",\"target\":{\"@type\":\"EntryPoint\",\"urlTemplate\":\"https:\/\/festivalchateaubleu.fr\/?s={search_term_string}\"},\"query-input\":{\"@type\":\"PropertyValueSpecification\",\"valueRequired\":true,\"valueName\":\"search_term_string\"}}],\"inLanguage\":\"fr-FR\"},{\"@type\":\"Organization\",\"@id\":\"https:\/\/festivalchateaubleu.fr\/#organization\",\"name\":\"Festival Ch\u00e2teau Bleu 7\",\"alternateName\":\"Ch\u00e2teau Bleu\",\"url\":\"https:\/\/festivalchateaubleu.fr\/\",\"logo\":{\"@type\":\"ImageObject\",\"inLanguage\":\"fr-FR\",\"@id\":\"https:\/\/festivalchateaubleu.fr\/#\/schema\/logo\/image\/\",\"url\":\"https:\/\/festivalchateaubleu.fr\/wp-content\/uploads\/2025\/07\/cropped-stickers_V2-removebg-preview.png\",\"contentUrl\":\"https:\/\/festivalchateaubleu.fr\/wp-content\/uploads\/2025\/07\/cropped-stickers_V2-removebg-preview.png\",\"width\":285,\"height\":307,\"caption\":\"Festival Ch\u00e2teau Bleu 7\"},\"image\":{\"@id\":\"https:\/\/festivalchateaubleu.fr\/#\/schema\/logo\/image\/\"},\"sameAs\":[\"https:\/\/www.facebook.com\/barbebleuepornic\"]}]}<\/script>\n<!-- \/ Yoast SEO plugin. -->","yoast_head_json":{"title":"REAPON - Samedi 23\/08 - Ch\u00e2teau Bleu","robots":{"index":"index","follow":"follow","max-snippet":"max-snippet:-1","max-image-preview":"max-image-preview:large","max-video-preview":"max-video-preview:-1"},"canonical":"https:\/\/festivalchateaubleu.fr\/?page_id=63","og_locale":"fr_FR","og_type":"article","og_title":"REAPON - Samedi 23\/08 - Ch\u00e2teau Bleu","og_description":"Microhouse &#8211; Techno &#8211; Hardgroove Reapon cofondateur du collectif Barbe Bleue est un passionn\u00e9 de musiques minimalistes. Entre la microhouse, [&hellip;]","og_url":"https:\/\/festivalchateaubleu.fr\/?page_id=63","og_site_name":"Ch\u00e2teau Bleu","article_publisher":"https:\/\/www.facebook.com\/barbebleuepornic","article_modified_time":"2025-07-24T15:20:54+00:00","og_image":[{"width":2560,"height":1701,"url":"http:\/\/festivalchateaubleu.fr\/wp-content\/uploads\/2025\/06\/Reapon-4-scaled.jpeg","type":"image\/jpeg"}],"twitter_card":"summary_large_image","twitter_misc":{"Dur\u00e9e de lecture estim\u00e9e":"2 minutes"},"schema":{"@context":"https:\/\/schema.org","@graph":[{"@type":"WebPage","@id":"https:\/\/festivalchateaubleu.fr\/?page_id=63","url":"https:\/\/festivalchateaubleu.fr\/?page_id=63","name":"REAPON - Samedi 23\/08 - Ch\u00e2teau Bleu","isPartOf":{"@id":"https:\/\/festivalchateaubleu.fr\/#website"},"primaryImageOfPage":{"@id":"https:\/\/festivalchateaubleu.fr\/?page_id=63#primaryimage"},"image":{"@id":"https:\/\/festivalchateaubleu.fr\/?page_id=63#primaryimage"},"thumbnailUrl":"https:\/\/festivalchateaubleu.fr\/wp-content\/uploads\/2025\/06\/Reapon-4-scaled.jpeg","datePublished":"2020-03-28T14:40:57+00:00","dateModified":"2025-07-24T15:20:54+00:00","breadcrumb":{"@id":"https:\/\/festivalchateaubleu.fr\/?page_id=63#breadcrumb"},"inLanguage":"fr-FR","potentialAction":[{"@type":"ReadAction","target":["https:\/\/festivalchateaubleu.fr\/?page_id=63"]}]},{"@type":"ImageObject","inLanguage":"fr-FR","@id":"https:\/\/festivalchateaubleu.fr\/?page_id=63#primaryimage","url":"https:\/\/festivalchateaubleu.fr\/wp-content\/uploads\/2025\/06\/Reapon-4-scaled.jpeg","contentUrl":"https:\/\/festivalchateaubleu.fr\/wp-content\/uploads\/2025\/06\/Reapon-4-scaled.jpeg","width":2560,"height":1701,"caption":"Reapon"},{"@type":"BreadcrumbList","@id":"https:\/\/festivalchateaubleu.fr\/?page_id=63#breadcrumb","itemListElement":[{"@type":"ListItem","position":1,"name":"Accueil","item":"https:\/\/festivalchateaubleu.fr\/"},{"@type":"ListItem","position":2,"name":"REAPON &#8211; Samedi 23\/08"}]},{"@type":"WebSite","@id":"https:\/\/festivalchateaubleu.fr\/#website","url":"https:\/\/festivalchateaubleu.fr\/","name":"Festival Ch\u00e2teau Bleu 7","description":"Musiques \u00e9lectroniques &amp; Arts graphiques","publisher":{"@id":"https:\/\/festivalchateaubleu.fr\/#organization"},"potentialAction":[{"@type":"SearchAction","target":{"@type":"EntryPoint","urlTemplate":"https:\/\/festivalchateaubleu.fr\/?s={search_term_string}"},"query-input":{"@type":"PropertyValueSpecification","valueRequired":true,"valueName":"search_term_string"}}],"inLanguage":"fr-FR"},{"@type":"Organization","@id":"https:\/\/festivalchateaubleu.fr\/#organization","name":"Festival Ch\u00e2teau Bleu 7","alternateName":"Ch\u00e2teau Bleu","url":"https:\/\/festivalchateaubleu.fr\/","logo":{"@type":"ImageObject","inLanguage":"fr-FR","@id":"https:\/\/festivalchateaubleu.fr\/#\/schema\/logo\/image\/","url":"https:\/\/festivalchateaubleu.fr\/wp-content\/uploads\/2025\/07\/cropped-stickers_V2-removebg-preview.png","contentUrl":"https:\/\/festivalchateaubleu.fr\/wp-content\/uploads\/2025\/07\/cropped-stickers_V2-removebg-preview.png","width":285,"height":307,"caption":"Festival Ch\u00e2teau Bleu 7"},"image":{"@id":"https:\/\/festivalchateaubleu.fr\/#\/schema\/logo\/image\/"},"sameAs":["https:\/\/www.facebook.com\/barbebleuepornic"]}]}},"_links":{"self":[{"href":"https:\/\/festivalchateaubleu.fr\/index.php?rest_route=\/wp\/v2\/pages\/63","targetHints":{"allow":["GET"]}}],"collection":[{"href":"https:\/\/festivalchateaubleu.fr\/index.php?rest_route=\/wp\/v2\/pages"}],"about":[{"href":"https:\/\/festivalchateaubleu.fr\/index.php?rest_route=\/wp\/v2\/types\/page"}],"author":[{"embeddable":true,"href":"https:\/\/festivalchateaubleu.fr\/index.php?rest_route=\/wp\/v2\/users\/1"}],"replies":[{"embeddable":true,"href":"https:\/\/festivalchateaubleu.fr\/index.php?rest_route=%2Fwp%2Fv2%2Fcomments&post=63"}],"version-history":[{"count":8,"href":"https:\/\/festivalchateaubleu.fr\/index.php?rest_route=\/wp\/v2\/pages\/63\/revisions"}],"predecessor-version":[{"id":3056,"href":"https:\/\/festivalchateaubleu.fr\/index.php?rest_route=\/wp\/v2\/pages\/63\/revisions\/3056"}],"wp:featuredmedia":[{"embeddable":true,"href":"https:\/\/festivalchateaubleu.fr\/index.php?rest_route=\/wp\/v2\/media\/2817"}],"wp:attachment":[{"href":"https:\/\/festivalchateaubleu.fr\/index.php?rest_route=%2Fwp%2Fv2%2Fmedia&parent=63"}],"curies":[{"name":"wp","href":"https:\/\/api.w.org\/{rel}","templated":true}]}}