{"id":3015,"date":"2025-07-20T18:36:56","date_gmt":"2025-07-20T16:36:56","guid":{"rendered":"https:\/\/festivalchateaubleu.fr\/?page_id=3015"},"modified":"2025-07-24T17:11:23","modified_gmt":"2025-07-24T15:11:23","slug":"bavure-samedi-23-08","status":"publish","type":"page","link":"https:\/\/festivalchateaubleu.fr\/?page_id=3015","title":{"rendered":"BAVURE &#8211; Samedi 23\/08"},"content":{"rendered":"\n<h2 class=\"wp-block-heading\">Dj EBM \/ Techno Dark<\/h2>\n\n\n\n<div class=\"wp-block-columns is-layout-flex wp-container-core-columns-is-layout-9d6595d7 wp-block-columns-is-layout-flex\">\n<div class=\"wp-block-column is-layout-flow wp-block-column-is-layout-flow\">\n<figure class=\"wp-block-image size-full\"><img loading=\"lazy\" decoding=\"async\" width=\"500\" height=\"500\" src=\"https:\/\/festivalchateaubleu.fr\/wp-content\/uploads\/2025\/07\/bavure.jpg\" alt=\"\" class=\"wp-image-3043\" srcset=\"https:\/\/festivalchateaubleu.fr\/wp-content\/uploads\/2025\/07\/bavure.jpg 500w, https:\/\/festivalchateaubleu.fr\/wp-content\/uploads\/2025\/07\/bavure-300x300.jpg 300w, https:\/\/festivalchateaubleu.fr\/wp-content\/uploads\/2025\/07\/bavure-150x150.jpg 150w\" sizes=\"auto, (max-width: 500px) 100vw, 500px\" \/><\/figure>\n<\/div>\n\n\n\n<div class=\"wp-block-column is-layout-flow wp-block-column-is-layout-flow\">\n<p>Originaire de Nantes, Bavure d\u00e9barque au festival Ch\u00e2teau Bleu pour un set noir<\/p>\n\n\n\n<h3 class=\"wp-block-heading\">R\u00e9seaux<\/h3>\n\n\n\n<p>SC :<a href=\"https:\/\/soundcloud.com\/bavure666\" target=\"_blank\" rel=\"noreferrer noopener\"> https:\/\/soundcloud.com\/bavure666<\/a><\/p>\n\n\n\n<p><\/p>\n<\/div>\n<\/div>\n","protected":false},"excerpt":{"rendered":"<p>Dj EBM \/ Techno Dark Originaire de Nantes, Bavure d\u00e9barque au festival Ch\u00e2teau Bleu pour un set noir R\u00e9seaux SC [&hellip;]<\/p>\n","protected":false},"author":1,"featured_media":3043,"parent":0,"menu_order":0,"comment_status":"closed","ping_status":"closed","template":"","meta":{"footnotes":""},"class_list":["post-3015","page","type-page","status-publish","has-post-thumbnail","hentry"],"yoast_head":"<!-- This site is optimized with the Yoast SEO plugin v25.7 - https:\/\/yoast.com\/wordpress\/plugins\/seo\/ -->\n<title>BAVURE - Samedi 23\/08 - Ch\u00e2teau Bleu<\/title>\n<meta name=\"robots\" content=\"index, follow, max-snippet:-1, max-image-preview:large, max-video-preview:-1\" \/>\n<link rel=\"canonical\" href=\"https:\/\/festivalchateaubleu.fr\/?page_id=3015\" \/>\n<meta property=\"og:locale\" content=\"fr_FR\" \/>\n<meta property=\"og:type\" content=\"article\" \/>\n<meta property=\"og:title\" content=\"BAVURE - Samedi 23\/08 - Ch\u00e2teau Bleu\" \/>\n<meta property=\"og:description\" content=\"Dj EBM \/ Techno Dark Originaire de Nantes, Bavure d\u00e9barque au festival Ch\u00e2teau Bleu pour un set noir R\u00e9seaux SC [&hellip;]\" \/>\n<meta property=\"og:url\" content=\"https:\/\/festivalchateaubleu.fr\/?page_id=3015\" \/>\n<meta property=\"og:site_name\" content=\"Ch\u00e2teau Bleu\" \/>\n<meta property=\"article:publisher\" content=\"https:\/\/www.facebook.com\/barbebleuepornic\" \/>\n<meta property=\"article:modified_time\" content=\"2025-07-24T15:11:23+00:00\" \/>\n<meta property=\"og:image\" content=\"http:\/\/festivalchateaubleu.fr\/wp-content\/uploads\/2025\/07\/bavure.jpg\" \/>\n\t<meta property=\"og:image:width\" content=\"500\" \/>\n\t<meta property=\"og:image:height\" content=\"500\" \/>\n\t<meta property=\"og:image:type\" content=\"image\/jpeg\" \/>\n<meta name=\"twitter:card\" content=\"summary_large_image\" \/>\n<meta name=\"twitter:label1\" content=\"Dur\u00e9e de lecture estim\u00e9e\" \/>\n\t<meta name=\"twitter:data1\" content=\"1 minute\" \/>\n<script type=\"application\/ld+json\" class=\"yoast-schema-graph\">{\"@context\":\"https:\/\/schema.org\",\"@graph\":[{\"@type\":\"WebPage\",\"@id\":\"https:\/\/festivalchateaubleu.fr\/?page_id=3015\",\"url\":\"https:\/\/festivalchateaubleu.fr\/?page_id=3015\",\"name\":\"BAVURE - Samedi 23\/08 - Ch\u00e2teau Bleu\",\"isPartOf\":{\"@id\":\"https:\/\/festivalchateaubleu.fr\/#website\"},\"primaryImageOfPage\":{\"@id\":\"https:\/\/festivalchateaubleu.fr\/?page_id=3015#primaryimage\"},\"image\":{\"@id\":\"https:\/\/festivalchateaubleu.fr\/?page_id=3015#primaryimage\"},\"thumbnailUrl\":\"https:\/\/festivalchateaubleu.fr\/wp-content\/uploads\/2025\/07\/bavure.jpg\",\"datePublished\":\"2025-07-20T16:36:56+00:00\",\"dateModified\":\"2025-07-24T15:11:23+00:00\",\"breadcrumb\":{\"@id\":\"https:\/\/festivalchateaubleu.fr\/?page_id=3015#breadcrumb\"},\"inLanguage\":\"fr-FR\",\"potentialAction\":[{\"@type\":\"ReadAction\",\"target\":[\"https:\/\/festivalchateaubleu.fr\/?page_id=3015\"]}]},{\"@type\":\"ImageObject\",\"inLanguage\":\"fr-FR\",\"@id\":\"https:\/\/festivalchateaubleu.fr\/?page_id=3015#primaryimage\",\"url\":\"https:\/\/festivalchateaubleu.fr\/wp-content\/uploads\/2025\/07\/bavure.jpg\",\"contentUrl\":\"https:\/\/festivalchateaubleu.fr\/wp-content\/uploads\/2025\/07\/bavure.jpg\",\"width\":500,\"height\":500,\"caption\":\"Bavure\"},{\"@type\":\"BreadcrumbList\",\"@id\":\"https:\/\/festivalchateaubleu.fr\/?page_id=3015#breadcrumb\",\"itemListElement\":[{\"@type\":\"ListItem\",\"position\":1,\"name\":\"Accueil\",\"item\":\"https:\/\/festivalchateaubleu.fr\/\"},{\"@type\":\"ListItem\",\"position\":2,\"name\":\"BAVURE &#8211; Samedi 23\/08\"}]},{\"@type\":\"WebSite\",\"@id\":\"https:\/\/festivalchateaubleu.fr\/#website\",\"url\":\"https:\/\/festivalchateaubleu.fr\/\",\"name\":\"Festival Ch\u00e2teau Bleu 7\",\"description\":\"Musiques \u00e9lectroniques &amp; Arts graphiques\",\"publisher\":{\"@id\":\"https:\/\/festivalchateaubleu.fr\/#organization\"},\"potentialAction\":[{\"@type\":\"SearchAction\",\"target\":{\"@type\":\"EntryPoint\",\"urlTemplate\":\"https:\/\/festivalchateaubleu.fr\/?s={search_term_string}\"},\"query-input\":{\"@type\":\"PropertyValueSpecification\",\"valueRequired\":true,\"valueName\":\"search_term_string\"}}],\"inLanguage\":\"fr-FR\"},{\"@type\":\"Organization\",\"@id\":\"https:\/\/festivalchateaubleu.fr\/#organization\",\"name\":\"Festival Ch\u00e2teau Bleu 7\",\"alternateName\":\"Ch\u00e2teau Bleu\",\"url\":\"https:\/\/festivalchateaubleu.fr\/\",\"logo\":{\"@type\":\"ImageObject\",\"inLanguage\":\"fr-FR\",\"@id\":\"https:\/\/festivalchateaubleu.fr\/#\/schema\/logo\/image\/\",\"url\":\"https:\/\/festivalchateaubleu.fr\/wp-content\/uploads\/2025\/07\/cropped-stickers_V2-removebg-preview.png\",\"contentUrl\":\"https:\/\/festivalchateaubleu.fr\/wp-content\/uploads\/2025\/07\/cropped-stickers_V2-removebg-preview.png\",\"width\":285,\"height\":307,\"caption\":\"Festival Ch\u00e2teau Bleu 7\"},\"image\":{\"@id\":\"https:\/\/festivalchateaubleu.fr\/#\/schema\/logo\/image\/\"},\"sameAs\":[\"https:\/\/www.facebook.com\/barbebleuepornic\"]}]}<\/script>\n<!-- \/ Yoast SEO plugin. -->","yoast_head_json":{"title":"BAVURE - Samedi 23\/08 - Ch\u00e2teau Bleu","robots":{"index":"index","follow":"follow","max-snippet":"max-snippet:-1","max-image-preview":"max-image-preview:large","max-video-preview":"max-video-preview:-1"},"canonical":"https:\/\/festivalchateaubleu.fr\/?page_id=3015","og_locale":"fr_FR","og_type":"article","og_title":"BAVURE - Samedi 23\/08 - Ch\u00e2teau Bleu","og_description":"Dj EBM \/ Techno Dark Originaire de Nantes, Bavure d\u00e9barque au festival Ch\u00e2teau Bleu pour un set noir R\u00e9seaux SC [&hellip;]","og_url":"https:\/\/festivalchateaubleu.fr\/?page_id=3015","og_site_name":"Ch\u00e2teau Bleu","article_publisher":"https:\/\/www.facebook.com\/barbebleuepornic","article_modified_time":"2025-07-24T15:11:23+00:00","og_image":[{"width":500,"height":500,"url":"http:\/\/festivalchateaubleu.fr\/wp-content\/uploads\/2025\/07\/bavure.jpg","type":"image\/jpeg"}],"twitter_card":"summary_large_image","twitter_misc":{"Dur\u00e9e de lecture estim\u00e9e":"1 minute"},"schema":{"@context":"https:\/\/schema.org","@graph":[{"@type":"WebPage","@id":"https:\/\/festivalchateaubleu.fr\/?page_id=3015","url":"https:\/\/festivalchateaubleu.fr\/?page_id=3015","name":"BAVURE - Samedi 23\/08 - Ch\u00e2teau Bleu","isPartOf":{"@id":"https:\/\/festivalchateaubleu.fr\/#website"},"primaryImageOfPage":{"@id":"https:\/\/festivalchateaubleu.fr\/?page_id=3015#primaryimage"},"image":{"@id":"https:\/\/festivalchateaubleu.fr\/?page_id=3015#primaryimage"},"thumbnailUrl":"https:\/\/festivalchateaubleu.fr\/wp-content\/uploads\/2025\/07\/bavure.jpg","datePublished":"2025-07-20T16:36:56+00:00","dateModified":"2025-07-24T15:11:23+00:00","breadcrumb":{"@id":"https:\/\/festivalchateaubleu.fr\/?page_id=3015#breadcrumb"},"inLanguage":"fr-FR","potentialAction":[{"@type":"ReadAction","target":["https:\/\/festivalchateaubleu.fr\/?page_id=3015"]}]},{"@type":"ImageObject","inLanguage":"fr-FR","@id":"https:\/\/festivalchateaubleu.fr\/?page_id=3015#primaryimage","url":"https:\/\/festivalchateaubleu.fr\/wp-content\/uploads\/2025\/07\/bavure.jpg","contentUrl":"https:\/\/festivalchateaubleu.fr\/wp-content\/uploads\/2025\/07\/bavure.jpg","width":500,"height":500,"caption":"Bavure"},{"@type":"BreadcrumbList","@id":"https:\/\/festivalchateaubleu.fr\/?page_id=3015#breadcrumb","itemListElement":[{"@type":"ListItem","position":1,"name":"Accueil","item":"https:\/\/festivalchateaubleu.fr\/"},{"@type":"ListItem","position":2,"name":"BAVURE &#8211; Samedi 23\/08"}]},{"@type":"WebSite","@id":"https:\/\/festivalchateaubleu.fr\/#website","url":"https:\/\/festivalchateaubleu.fr\/","name":"Festival Ch\u00e2teau Bleu 7","description":"Musiques \u00e9lectroniques &amp; Arts graphiques","publisher":{"@id":"https:\/\/festivalchateaubleu.fr\/#organization"},"potentialAction":[{"@type":"SearchAction","target":{"@type":"EntryPoint","urlTemplate":"https:\/\/festivalchateaubleu.fr\/?s={search_term_string}"},"query-input":{"@type":"PropertyValueSpecification","valueRequired":true,"valueName":"search_term_string"}}],"inLanguage":"fr-FR"},{"@type":"Organization","@id":"https:\/\/festivalchateaubleu.fr\/#organization","name":"Festival Ch\u00e2teau Bleu 7","alternateName":"Ch\u00e2teau Bleu","url":"https:\/\/festivalchateaubleu.fr\/","logo":{"@type":"ImageObject","inLanguage":"fr-FR","@id":"https:\/\/festivalchateaubleu.fr\/#\/schema\/logo\/image\/","url":"https:\/\/festivalchateaubleu.fr\/wp-content\/uploads\/2025\/07\/cropped-stickers_V2-removebg-preview.png","contentUrl":"https:\/\/festivalchateaubleu.fr\/wp-content\/uploads\/2025\/07\/cropped-stickers_V2-removebg-preview.png","width":285,"height":307,"caption":"Festival Ch\u00e2teau Bleu 7"},"image":{"@id":"https:\/\/festivalchateaubleu.fr\/#\/schema\/logo\/image\/"},"sameAs":["https:\/\/www.facebook.com\/barbebleuepornic"]}]}},"_links":{"self":[{"href":"https:\/\/festivalchateaubleu.fr\/index.php?rest_route=\/wp\/v2\/pages\/3015","targetHints":{"allow":["GET"]}}],"collection":[{"href":"https:\/\/festivalchateaubleu.fr\/index.php?rest_route=\/wp\/v2\/pages"}],"about":[{"href":"https:\/\/festivalchateaubleu.fr\/index.php?rest_route=\/wp\/v2\/types\/page"}],"author":[{"embeddable":true,"href":"https:\/\/festivalchateaubleu.fr\/index.php?rest_route=\/wp\/v2\/users\/1"}],"replies":[{"embeddable":true,"href":"https:\/\/festivalchateaubleu.fr\/index.php?rest_route=%2Fwp%2Fv2%2Fcomments&post=3015"}],"version-history":[{"count":5,"href":"https:\/\/festivalchateaubleu.fr\/index.php?rest_route=\/wp\/v2\/pages\/3015\/revisions"}],"predecessor-version":[{"id":3047,"href":"https:\/\/festivalchateaubleu.fr\/index.php?rest_route=\/wp\/v2\/pages\/3015\/revisions\/3047"}],"wp:featuredmedia":[{"embeddable":true,"href":"https:\/\/festivalchateaubleu.fr\/index.php?rest_route=\/wp\/v2\/media\/3043"}],"wp:attachment":[{"href":"https:\/\/festivalchateaubleu.fr\/index.php?rest_route=%2Fwp%2Fv2%2Fmedia&parent=3015"}],"curies":[{"name":"wp","href":"https:\/\/api.w.org\/{rel}","templated":true}]}}