{"id":2860,"date":"2025-07-06T14:26:58","date_gmt":"2025-07-06T12:26:58","guid":{"rendered":"https:\/\/festivalchateaubleu.fr\/?page_id=2860"},"modified":"2025-07-24T17:17:41","modified_gmt":"2025-07-24T15:17:41","slug":"albyre","status":"publish","type":"page","link":"https:\/\/festivalchateaubleu.fr\/?page_id=2860","title":{"rendered":"ALBYRE &#8211; Vendredi 22\/08"},"content":{"rendered":"\n<h2 class=\"wp-block-heading\">Techno \/ Minimale<\/h2>\n\n\n\n<div class=\"wp-block-columns is-layout-flex wp-container-core-columns-is-layout-9d6595d7 wp-block-columns-is-layout-flex\">\n<div class=\"wp-block-column is-layout-flow wp-block-column-is-layout-flow\">\n<figure class=\"wp-block-image size-full\"><img loading=\"lazy\" decoding=\"async\" width=\"1440\" height=\"960\" src=\"https:\/\/festivalchateaubleu.fr\/wp-content\/uploads\/2025\/07\/albyre.jpg\" alt=\"\" class=\"wp-image-3048\" srcset=\"https:\/\/festivalchateaubleu.fr\/wp-content\/uploads\/2025\/07\/albyre.jpg 1440w, https:\/\/festivalchateaubleu.fr\/wp-content\/uploads\/2025\/07\/albyre-300x200.jpg 300w, https:\/\/festivalchateaubleu.fr\/wp-content\/uploads\/2025\/07\/albyre-1024x683.jpg 1024w, https:\/\/festivalchateaubleu.fr\/wp-content\/uploads\/2025\/07\/albyre-768x512.jpg 768w\" sizes=\"auto, (max-width: 1440px) 100vw, 1440px\" \/><\/figure>\n<\/div>\n\n\n\n<div class=\"wp-block-column is-layout-flow wp-block-column-is-layout-flow\">\n<p>Un des fondateurs du <a href=\"https:\/\/sites.google.com\/view\/barbebleue\/accueil\" target=\"_blank\" rel=\"noreferrer noopener\">collectif Barbe Bleue<\/a>, Alb\u00ffre vous offre le bon son brut de la techno et de la minimale. Ne vous inqui\u00e9tez pas \u00e7a ne va pas faire mal, bien au contraire il va toucher la corde sensible et vous allez adorer surfer sur sa vague.<\/p>\n\n\n\n<p><\/p>\n<\/div>\n<\/div>\n\n\n\n<p><\/p>\n","protected":false},"excerpt":{"rendered":"<p>Techno \/ Minimale Un des fondateurs du collectif Barbe Bleue, Alb\u00ffre vous offre le bon son brut de la techno [&hellip;]<\/p>\n","protected":false},"author":1,"featured_media":3048,"parent":0,"menu_order":0,"comment_status":"closed","ping_status":"closed","template":"","meta":{"footnotes":""},"class_list":["post-2860","page","type-page","status-publish","has-post-thumbnail","hentry"],"yoast_head":"<!-- This site is optimized with the Yoast SEO plugin v25.7 - https:\/\/yoast.com\/wordpress\/plugins\/seo\/ -->\n<title>ALBYRE - Vendredi 22\/08 - Ch\u00e2teau Bleu<\/title>\n<meta name=\"robots\" content=\"index, follow, max-snippet:-1, max-image-preview:large, max-video-preview:-1\" \/>\n<link rel=\"canonical\" href=\"https:\/\/festivalchateaubleu.fr\/?page_id=2860\" \/>\n<meta property=\"og:locale\" content=\"fr_FR\" \/>\n<meta property=\"og:type\" content=\"article\" \/>\n<meta property=\"og:title\" content=\"ALBYRE - Vendredi 22\/08 - Ch\u00e2teau Bleu\" \/>\n<meta property=\"og:description\" content=\"Techno \/ Minimale Un des fondateurs du collectif Barbe Bleue, Alb\u00ffre vous offre le bon son brut de la techno [&hellip;]\" \/>\n<meta property=\"og:url\" content=\"https:\/\/festivalchateaubleu.fr\/?page_id=2860\" \/>\n<meta property=\"og:site_name\" content=\"Ch\u00e2teau Bleu\" \/>\n<meta property=\"article:publisher\" content=\"https:\/\/www.facebook.com\/barbebleuepornic\" \/>\n<meta property=\"article:modified_time\" content=\"2025-07-24T15:17:41+00:00\" \/>\n<meta property=\"og:image\" content=\"http:\/\/festivalchateaubleu.fr\/wp-content\/uploads\/2025\/07\/albyre.jpg\" \/>\n\t<meta property=\"og:image:width\" content=\"1440\" \/>\n\t<meta property=\"og:image:height\" content=\"960\" \/>\n\t<meta property=\"og:image:type\" content=\"image\/jpeg\" \/>\n<meta name=\"twitter:card\" content=\"summary_large_image\" \/>\n<meta name=\"twitter:label1\" content=\"Dur\u00e9e de lecture estim\u00e9e\" \/>\n\t<meta name=\"twitter:data1\" content=\"1 minute\" \/>\n<script type=\"application\/ld+json\" class=\"yoast-schema-graph\">{\"@context\":\"https:\/\/schema.org\",\"@graph\":[{\"@type\":\"WebPage\",\"@id\":\"https:\/\/festivalchateaubleu.fr\/?page_id=2860\",\"url\":\"https:\/\/festivalchateaubleu.fr\/?page_id=2860\",\"name\":\"ALBYRE - Vendredi 22\/08 - Ch\u00e2teau Bleu\",\"isPartOf\":{\"@id\":\"https:\/\/festivalchateaubleu.fr\/#website\"},\"primaryImageOfPage\":{\"@id\":\"https:\/\/festivalchateaubleu.fr\/?page_id=2860#primaryimage\"},\"image\":{\"@id\":\"https:\/\/festivalchateaubleu.fr\/?page_id=2860#primaryimage\"},\"thumbnailUrl\":\"https:\/\/festivalchateaubleu.fr\/wp-content\/uploads\/2025\/07\/albyre.jpg\",\"datePublished\":\"2025-07-06T12:26:58+00:00\",\"dateModified\":\"2025-07-24T15:17:41+00:00\",\"breadcrumb\":{\"@id\":\"https:\/\/festivalchateaubleu.fr\/?page_id=2860#breadcrumb\"},\"inLanguage\":\"fr-FR\",\"potentialAction\":[{\"@type\":\"ReadAction\",\"target\":[\"https:\/\/festivalchateaubleu.fr\/?page_id=2860\"]}]},{\"@type\":\"ImageObject\",\"inLanguage\":\"fr-FR\",\"@id\":\"https:\/\/festivalchateaubleu.fr\/?page_id=2860#primaryimage\",\"url\":\"https:\/\/festivalchateaubleu.fr\/wp-content\/uploads\/2025\/07\/albyre.jpg\",\"contentUrl\":\"https:\/\/festivalchateaubleu.fr\/wp-content\/uploads\/2025\/07\/albyre.jpg\",\"width\":1440,\"height\":960,\"caption\":\"albyre\"},{\"@type\":\"BreadcrumbList\",\"@id\":\"https:\/\/festivalchateaubleu.fr\/?page_id=2860#breadcrumb\",\"itemListElement\":[{\"@type\":\"ListItem\",\"position\":1,\"name\":\"Accueil\",\"item\":\"https:\/\/festivalchateaubleu.fr\/\"},{\"@type\":\"ListItem\",\"position\":2,\"name\":\"ALBYRE &#8211; Vendredi 22\/08\"}]},{\"@type\":\"WebSite\",\"@id\":\"https:\/\/festivalchateaubleu.fr\/#website\",\"url\":\"https:\/\/festivalchateaubleu.fr\/\",\"name\":\"Festival Ch\u00e2teau Bleu 7\",\"description\":\"Musiques \u00e9lectroniques &amp; Arts graphiques\",\"publisher\":{\"@id\":\"https:\/\/festivalchateaubleu.fr\/#organization\"},\"potentialAction\":[{\"@type\":\"SearchAction\",\"target\":{\"@type\":\"EntryPoint\",\"urlTemplate\":\"https:\/\/festivalchateaubleu.fr\/?s={search_term_string}\"},\"query-input\":{\"@type\":\"PropertyValueSpecification\",\"valueRequired\":true,\"valueName\":\"search_term_string\"}}],\"inLanguage\":\"fr-FR\"},{\"@type\":\"Organization\",\"@id\":\"https:\/\/festivalchateaubleu.fr\/#organization\",\"name\":\"Festival Ch\u00e2teau Bleu 7\",\"alternateName\":\"Ch\u00e2teau Bleu\",\"url\":\"https:\/\/festivalchateaubleu.fr\/\",\"logo\":{\"@type\":\"ImageObject\",\"inLanguage\":\"fr-FR\",\"@id\":\"https:\/\/festivalchateaubleu.fr\/#\/schema\/logo\/image\/\",\"url\":\"https:\/\/festivalchateaubleu.fr\/wp-content\/uploads\/2025\/07\/cropped-stickers_V2-removebg-preview.png\",\"contentUrl\":\"https:\/\/festivalchateaubleu.fr\/wp-content\/uploads\/2025\/07\/cropped-stickers_V2-removebg-preview.png\",\"width\":285,\"height\":307,\"caption\":\"Festival Ch\u00e2teau Bleu 7\"},\"image\":{\"@id\":\"https:\/\/festivalchateaubleu.fr\/#\/schema\/logo\/image\/\"},\"sameAs\":[\"https:\/\/www.facebook.com\/barbebleuepornic\"]}]}<\/script>\n<!-- \/ Yoast SEO plugin. -->","yoast_head_json":{"title":"ALBYRE - Vendredi 22\/08 - Ch\u00e2teau Bleu","robots":{"index":"index","follow":"follow","max-snippet":"max-snippet:-1","max-image-preview":"max-image-preview:large","max-video-preview":"max-video-preview:-1"},"canonical":"https:\/\/festivalchateaubleu.fr\/?page_id=2860","og_locale":"fr_FR","og_type":"article","og_title":"ALBYRE - Vendredi 22\/08 - Ch\u00e2teau Bleu","og_description":"Techno \/ Minimale Un des fondateurs du collectif Barbe Bleue, Alb\u00ffre vous offre le bon son brut de la techno [&hellip;]","og_url":"https:\/\/festivalchateaubleu.fr\/?page_id=2860","og_site_name":"Ch\u00e2teau Bleu","article_publisher":"https:\/\/www.facebook.com\/barbebleuepornic","article_modified_time":"2025-07-24T15:17:41+00:00","og_image":[{"width":1440,"height":960,"url":"http:\/\/festivalchateaubleu.fr\/wp-content\/uploads\/2025\/07\/albyre.jpg","type":"image\/jpeg"}],"twitter_card":"summary_large_image","twitter_misc":{"Dur\u00e9e de lecture estim\u00e9e":"1 minute"},"schema":{"@context":"https:\/\/schema.org","@graph":[{"@type":"WebPage","@id":"https:\/\/festivalchateaubleu.fr\/?page_id=2860","url":"https:\/\/festivalchateaubleu.fr\/?page_id=2860","name":"ALBYRE - Vendredi 22\/08 - Ch\u00e2teau Bleu","isPartOf":{"@id":"https:\/\/festivalchateaubleu.fr\/#website"},"primaryImageOfPage":{"@id":"https:\/\/festivalchateaubleu.fr\/?page_id=2860#primaryimage"},"image":{"@id":"https:\/\/festivalchateaubleu.fr\/?page_id=2860#primaryimage"},"thumbnailUrl":"https:\/\/festivalchateaubleu.fr\/wp-content\/uploads\/2025\/07\/albyre.jpg","datePublished":"2025-07-06T12:26:58+00:00","dateModified":"2025-07-24T15:17:41+00:00","breadcrumb":{"@id":"https:\/\/festivalchateaubleu.fr\/?page_id=2860#breadcrumb"},"inLanguage":"fr-FR","potentialAction":[{"@type":"ReadAction","target":["https:\/\/festivalchateaubleu.fr\/?page_id=2860"]}]},{"@type":"ImageObject","inLanguage":"fr-FR","@id":"https:\/\/festivalchateaubleu.fr\/?page_id=2860#primaryimage","url":"https:\/\/festivalchateaubleu.fr\/wp-content\/uploads\/2025\/07\/albyre.jpg","contentUrl":"https:\/\/festivalchateaubleu.fr\/wp-content\/uploads\/2025\/07\/albyre.jpg","width":1440,"height":960,"caption":"albyre"},{"@type":"BreadcrumbList","@id":"https:\/\/festivalchateaubleu.fr\/?page_id=2860#breadcrumb","itemListElement":[{"@type":"ListItem","position":1,"name":"Accueil","item":"https:\/\/festivalchateaubleu.fr\/"},{"@type":"ListItem","position":2,"name":"ALBYRE &#8211; Vendredi 22\/08"}]},{"@type":"WebSite","@id":"https:\/\/festivalchateaubleu.fr\/#website","url":"https:\/\/festivalchateaubleu.fr\/","name":"Festival Ch\u00e2teau Bleu 7","description":"Musiques \u00e9lectroniques &amp; Arts graphiques","publisher":{"@id":"https:\/\/festivalchateaubleu.fr\/#organization"},"potentialAction":[{"@type":"SearchAction","target":{"@type":"EntryPoint","urlTemplate":"https:\/\/festivalchateaubleu.fr\/?s={search_term_string}"},"query-input":{"@type":"PropertyValueSpecification","valueRequired":true,"valueName":"search_term_string"}}],"inLanguage":"fr-FR"},{"@type":"Organization","@id":"https:\/\/festivalchateaubleu.fr\/#organization","name":"Festival Ch\u00e2teau Bleu 7","alternateName":"Ch\u00e2teau Bleu","url":"https:\/\/festivalchateaubleu.fr\/","logo":{"@type":"ImageObject","inLanguage":"fr-FR","@id":"https:\/\/festivalchateaubleu.fr\/#\/schema\/logo\/image\/","url":"https:\/\/festivalchateaubleu.fr\/wp-content\/uploads\/2025\/07\/cropped-stickers_V2-removebg-preview.png","contentUrl":"https:\/\/festivalchateaubleu.fr\/wp-content\/uploads\/2025\/07\/cropped-stickers_V2-removebg-preview.png","width":285,"height":307,"caption":"Festival Ch\u00e2teau Bleu 7"},"image":{"@id":"https:\/\/festivalchateaubleu.fr\/#\/schema\/logo\/image\/"},"sameAs":["https:\/\/www.facebook.com\/barbebleuepornic"]}]}},"_links":{"self":[{"href":"https:\/\/festivalchateaubleu.fr\/index.php?rest_route=\/wp\/v2\/pages\/2860","targetHints":{"allow":["GET"]}}],"collection":[{"href":"https:\/\/festivalchateaubleu.fr\/index.php?rest_route=\/wp\/v2\/pages"}],"about":[{"href":"https:\/\/festivalchateaubleu.fr\/index.php?rest_route=\/wp\/v2\/types\/page"}],"author":[{"embeddable":true,"href":"https:\/\/festivalchateaubleu.fr\/index.php?rest_route=\/wp\/v2\/users\/1"}],"replies":[{"embeddable":true,"href":"https:\/\/festivalchateaubleu.fr\/index.php?rest_route=%2Fwp%2Fv2%2Fcomments&post=2860"}],"version-history":[{"count":7,"href":"https:\/\/festivalchateaubleu.fr\/index.php?rest_route=\/wp\/v2\/pages\/2860\/revisions"}],"predecessor-version":[{"id":3053,"href":"https:\/\/festivalchateaubleu.fr\/index.php?rest_route=\/wp\/v2\/pages\/2860\/revisions\/3053"}],"wp:featuredmedia":[{"embeddable":true,"href":"https:\/\/festivalchateaubleu.fr\/index.php?rest_route=\/wp\/v2\/media\/3048"}],"wp:attachment":[{"href":"https:\/\/festivalchateaubleu.fr\/index.php?rest_route=%2Fwp%2Fv2%2Fmedia&parent=2860"}],"curies":[{"name":"wp","href":"https:\/\/api.w.org\/{rel}","templated":true}]}}