{"id":2464,"date":"2020-03-28T14:30:01","date_gmt":"2020-03-28T14:30:01","guid":{"rendered":"http:\/\/demo.sharkthemes.com\/musicaholic-pro\/?page_id=57"},"modified":"2025-07-20T18:35:26","modified_gmt":"2025-07-20T16:35:26","slug":"neil-robert","status":"publish","type":"page","link":"https:\/\/festivalchateaubleu.fr\/?page_id=2464","title":{"rendered":"MIGUEL DE BOIS &#8211; Vendredi 22\/08"},"content":{"rendered":"\n<p><\/p>\n\n\n\n<p><strong>Electro \/ EBM \/ Italo \/ Darkwave<\/strong> <\/p>\n\n\n\n<div class=\"wp-block-media-text is-stacked-on-mobile\"><figure class=\"wp-block-media-text__media\"><img loading=\"lazy\" decoding=\"async\" width=\"683\" height=\"1024\" src=\"http:\/\/festivalchateaubleu.fr\/wp-content\/uploads\/2025\/07\/Miguel-de-Bois-Press-2-683x1024.jpeg\" alt=\"\" class=\"wp-image-2843 size-full\" srcset=\"https:\/\/festivalchateaubleu.fr\/wp-content\/uploads\/2025\/07\/Miguel-de-Bois-Press-2-683x1024.jpeg 683w, https:\/\/festivalchateaubleu.fr\/wp-content\/uploads\/2025\/07\/Miguel-de-Bois-Press-2-200x300.jpeg 200w, https:\/\/festivalchateaubleu.fr\/wp-content\/uploads\/2025\/07\/Miguel-de-Bois-Press-2-768x1152.jpeg 768w, https:\/\/festivalchateaubleu.fr\/wp-content\/uploads\/2025\/07\/Miguel-de-Bois-Press-2-1024x1536.jpeg 1024w, https:\/\/festivalchateaubleu.fr\/wp-content\/uploads\/2025\/07\/Miguel-de-Bois-Press-2-scaled.jpeg 1707w\" sizes=\"auto, (max-width: 683px) 100vw, 683px\" \/><\/figure><div class=\"wp-block-media-text__content\">\n<p>Miguel de Bois est un artiste en pleine ascension dans le monde de la musique \u00e9lectronique. <br>Originaire de Mexico, le DJ et producteur est connu pour ses morceaux aux influences multiples et \u00e0 l&rsquo;\u00e9nergie d\u00e9bordante. <br>Le parcours de Miguel en tant que DJ comprend des performances dans des lieux bien connus comme Macadam (Nantes), Bossa Nova (NYC),  Shelter (Amsterdam), Sisyphos (Berlin), La  Machine (Paris), Mondo Disko(Madrid), K-Bar (Warsaw), ainsi que des apparitions dans de grands festivals tels que Corona Capital \u00e0 CDMX.<\/p>\n\n\n\n<p class=\"has-text-align-left\">Son son distinctif ne manquera pas de faire de lui un nom familier de la musique \u00e9lectronique dans le monde entier.<\/p>\n\n\n\n<p class=\"has-text-align-left\" style=\"font-size:20px\"><strong>R\u00e9seaux : <\/strong><\/p>\n\n\n\n<p>Insta :<a href=\"http:\/\/www.instagram.com\/migueldebois\/\" target=\"_blank\" rel=\"noreferrer noopener\"> www.instagram.com\/migueldebois\/<\/a><br>SC : <a href=\"https:\/\/soundcloud.com\/migueldebois\" target=\"_blank\" rel=\"noreferrer noopener\">https:\/\/soundcloud.com\/migueldebois<\/a><br>www : <a href=\"http:\/\/www.apelago.com\" target=\"_blank\" rel=\"noreferrer noopener\">www.apelago.com<\/a><\/p>\n\n\n\n<p><\/p>\n\n\n\n<p><br><\/p>\n<\/div><\/div>\n\n\n\n<div class=\"wp-block-group is-nowrap is-layout-flex wp-container-core-group-is-layout-ad2f72ca wp-block-group-is-layout-flex\">\n<p class=\"has-small-font-size\"><\/p>\n<\/div>\n\n\n\n<p style=\"font-size:20px\"><\/p>\n\n\n\n<p><br><\/p>\n","protected":false},"excerpt":{"rendered":"<p>Electro \/ EBM \/ Italo \/ Darkwave Miguel de Bois est un artiste en pleine ascension dans le monde de [&hellip;]<\/p>\n","protected":false},"author":1,"featured_media":46,"parent":0,"menu_order":0,"comment_status":"closed","ping_status":"closed","template":"","meta":{"footnotes":""},"class_list":["post-2464","page","type-page","status-publish","has-post-thumbnail","hentry"],"yoast_head":"<!-- This site is optimized with the Yoast SEO plugin v25.7 - https:\/\/yoast.com\/wordpress\/plugins\/seo\/ -->\n<title>MIGUEL DE BOIS - Vendredi 22\/08 - Ch\u00e2teau Bleu<\/title>\n<meta name=\"robots\" content=\"index, follow, max-snippet:-1, max-image-preview:large, max-video-preview:-1\" \/>\n<link rel=\"canonical\" href=\"https:\/\/festivalchateaubleu.fr\/?page_id=2464\" \/>\n<meta property=\"og:locale\" content=\"fr_FR\" \/>\n<meta property=\"og:type\" content=\"article\" \/>\n<meta property=\"og:title\" content=\"MIGUEL DE BOIS - Vendredi 22\/08 - Ch\u00e2teau Bleu\" \/>\n<meta property=\"og:description\" content=\"Electro \/ EBM \/ Italo \/ Darkwave Miguel de Bois est un artiste en pleine ascension dans le monde de [&hellip;]\" \/>\n<meta property=\"og:url\" content=\"https:\/\/festivalchateaubleu.fr\/?page_id=2464\" \/>\n<meta property=\"og:site_name\" content=\"Ch\u00e2teau Bleu\" \/>\n<meta property=\"article:publisher\" content=\"https:\/\/www.facebook.com\/barbebleuepornic\" \/>\n<meta property=\"article:modified_time\" content=\"2025-07-20T16:35:26+00:00\" \/>\n<meta property=\"og:image\" content=\"http:\/\/festivalchateaubleu.fr\/wp-content\/uploads\/2025\/06\/@paulmots-chateaubleu-244-1-scaled.jpg\" \/>\n\t<meta property=\"og:image:width\" content=\"2560\" \/>\n\t<meta property=\"og:image:height\" content=\"1707\" \/>\n\t<meta property=\"og:image:type\" content=\"image\/jpeg\" \/>\n<meta name=\"twitter:card\" content=\"summary_large_image\" \/>\n<meta name=\"twitter:label1\" content=\"Dur\u00e9e de lecture estim\u00e9e\" \/>\n\t<meta name=\"twitter:data1\" content=\"1 minute\" \/>\n<script type=\"application\/ld+json\" class=\"yoast-schema-graph\">{\"@context\":\"https:\/\/schema.org\",\"@graph\":[{\"@type\":\"WebPage\",\"@id\":\"https:\/\/festivalchateaubleu.fr\/?page_id=2464\",\"url\":\"https:\/\/festivalchateaubleu.fr\/?page_id=2464\",\"name\":\"MIGUEL DE BOIS - Vendredi 22\/08 - Ch\u00e2teau Bleu\",\"isPartOf\":{\"@id\":\"https:\/\/festivalchateaubleu.fr\/#website\"},\"primaryImageOfPage\":{\"@id\":\"https:\/\/festivalchateaubleu.fr\/?page_id=2464#primaryimage\"},\"image\":{\"@id\":\"https:\/\/festivalchateaubleu.fr\/?page_id=2464#primaryimage\"},\"thumbnailUrl\":\"https:\/\/festivalchateaubleu.fr\/wp-content\/uploads\/2025\/06\/@paulmots-chateaubleu-244-1-scaled.jpg\",\"datePublished\":\"2020-03-28T14:30:01+00:00\",\"dateModified\":\"2025-07-20T16:35:26+00:00\",\"breadcrumb\":{\"@id\":\"https:\/\/festivalchateaubleu.fr\/?page_id=2464#breadcrumb\"},\"inLanguage\":\"fr-FR\",\"potentialAction\":[{\"@type\":\"ReadAction\",\"target\":[\"https:\/\/festivalchateaubleu.fr\/?page_id=2464\"]}]},{\"@type\":\"ImageObject\",\"inLanguage\":\"fr-FR\",\"@id\":\"https:\/\/festivalchateaubleu.fr\/?page_id=2464#primaryimage\",\"url\":\"https:\/\/festivalchateaubleu.fr\/wp-content\/uploads\/2025\/06\/@paulmots-chateaubleu-244-1-scaled.jpg\",\"contentUrl\":\"https:\/\/festivalchateaubleu.fr\/wp-content\/uploads\/2025\/06\/@paulmots-chateaubleu-244-1-scaled.jpg\",\"width\":2560,\"height\":1707},{\"@type\":\"BreadcrumbList\",\"@id\":\"https:\/\/festivalchateaubleu.fr\/?page_id=2464#breadcrumb\",\"itemListElement\":[{\"@type\":\"ListItem\",\"position\":1,\"name\":\"Accueil\",\"item\":\"https:\/\/festivalchateaubleu.fr\/\"},{\"@type\":\"ListItem\",\"position\":2,\"name\":\"MIGUEL DE BOIS &#8211; Vendredi 22\/08\"}]},{\"@type\":\"WebSite\",\"@id\":\"https:\/\/festivalchateaubleu.fr\/#website\",\"url\":\"https:\/\/festivalchateaubleu.fr\/\",\"name\":\"Festival Ch\u00e2teau Bleu 7\",\"description\":\"Musiques \u00e9lectroniques &amp; Arts graphiques\",\"publisher\":{\"@id\":\"https:\/\/festivalchateaubleu.fr\/#organization\"},\"potentialAction\":[{\"@type\":\"SearchAction\",\"target\":{\"@type\":\"EntryPoint\",\"urlTemplate\":\"https:\/\/festivalchateaubleu.fr\/?s={search_term_string}\"},\"query-input\":{\"@type\":\"PropertyValueSpecification\",\"valueRequired\":true,\"valueName\":\"search_term_string\"}}],\"inLanguage\":\"fr-FR\"},{\"@type\":\"Organization\",\"@id\":\"https:\/\/festivalchateaubleu.fr\/#organization\",\"name\":\"Festival Ch\u00e2teau Bleu 7\",\"alternateName\":\"Ch\u00e2teau Bleu\",\"url\":\"https:\/\/festivalchateaubleu.fr\/\",\"logo\":{\"@type\":\"ImageObject\",\"inLanguage\":\"fr-FR\",\"@id\":\"https:\/\/festivalchateaubleu.fr\/#\/schema\/logo\/image\/\",\"url\":\"https:\/\/festivalchateaubleu.fr\/wp-content\/uploads\/2025\/07\/cropped-stickers_V2-removebg-preview.png\",\"contentUrl\":\"https:\/\/festivalchateaubleu.fr\/wp-content\/uploads\/2025\/07\/cropped-stickers_V2-removebg-preview.png\",\"width\":285,\"height\":307,\"caption\":\"Festival Ch\u00e2teau Bleu 7\"},\"image\":{\"@id\":\"https:\/\/festivalchateaubleu.fr\/#\/schema\/logo\/image\/\"},\"sameAs\":[\"https:\/\/www.facebook.com\/barbebleuepornic\"]}]}<\/script>\n<!-- \/ Yoast SEO plugin. -->","yoast_head_json":{"title":"MIGUEL DE BOIS - Vendredi 22\/08 - Ch\u00e2teau Bleu","robots":{"index":"index","follow":"follow","max-snippet":"max-snippet:-1","max-image-preview":"max-image-preview:large","max-video-preview":"max-video-preview:-1"},"canonical":"https:\/\/festivalchateaubleu.fr\/?page_id=2464","og_locale":"fr_FR","og_type":"article","og_title":"MIGUEL DE BOIS - Vendredi 22\/08 - Ch\u00e2teau Bleu","og_description":"Electro \/ EBM \/ Italo \/ Darkwave Miguel de Bois est un artiste en pleine ascension dans le monde de [&hellip;]","og_url":"https:\/\/festivalchateaubleu.fr\/?page_id=2464","og_site_name":"Ch\u00e2teau Bleu","article_publisher":"https:\/\/www.facebook.com\/barbebleuepornic","article_modified_time":"2025-07-20T16:35:26+00:00","og_image":[{"width":2560,"height":1707,"url":"http:\/\/festivalchateaubleu.fr\/wp-content\/uploads\/2025\/06\/@paulmots-chateaubleu-244-1-scaled.jpg","type":"image\/jpeg"}],"twitter_card":"summary_large_image","twitter_misc":{"Dur\u00e9e de lecture estim\u00e9e":"1 minute"},"schema":{"@context":"https:\/\/schema.org","@graph":[{"@type":"WebPage","@id":"https:\/\/festivalchateaubleu.fr\/?page_id=2464","url":"https:\/\/festivalchateaubleu.fr\/?page_id=2464","name":"MIGUEL DE BOIS - Vendredi 22\/08 - Ch\u00e2teau Bleu","isPartOf":{"@id":"https:\/\/festivalchateaubleu.fr\/#website"},"primaryImageOfPage":{"@id":"https:\/\/festivalchateaubleu.fr\/?page_id=2464#primaryimage"},"image":{"@id":"https:\/\/festivalchateaubleu.fr\/?page_id=2464#primaryimage"},"thumbnailUrl":"https:\/\/festivalchateaubleu.fr\/wp-content\/uploads\/2025\/06\/@paulmots-chateaubleu-244-1-scaled.jpg","datePublished":"2020-03-28T14:30:01+00:00","dateModified":"2025-07-20T16:35:26+00:00","breadcrumb":{"@id":"https:\/\/festivalchateaubleu.fr\/?page_id=2464#breadcrumb"},"inLanguage":"fr-FR","potentialAction":[{"@type":"ReadAction","target":["https:\/\/festivalchateaubleu.fr\/?page_id=2464"]}]},{"@type":"ImageObject","inLanguage":"fr-FR","@id":"https:\/\/festivalchateaubleu.fr\/?page_id=2464#primaryimage","url":"https:\/\/festivalchateaubleu.fr\/wp-content\/uploads\/2025\/06\/@paulmots-chateaubleu-244-1-scaled.jpg","contentUrl":"https:\/\/festivalchateaubleu.fr\/wp-content\/uploads\/2025\/06\/@paulmots-chateaubleu-244-1-scaled.jpg","width":2560,"height":1707},{"@type":"BreadcrumbList","@id":"https:\/\/festivalchateaubleu.fr\/?page_id=2464#breadcrumb","itemListElement":[{"@type":"ListItem","position":1,"name":"Accueil","item":"https:\/\/festivalchateaubleu.fr\/"},{"@type":"ListItem","position":2,"name":"MIGUEL DE BOIS &#8211; Vendredi 22\/08"}]},{"@type":"WebSite","@id":"https:\/\/festivalchateaubleu.fr\/#website","url":"https:\/\/festivalchateaubleu.fr\/","name":"Festival Ch\u00e2teau Bleu 7","description":"Musiques \u00e9lectroniques &amp; Arts graphiques","publisher":{"@id":"https:\/\/festivalchateaubleu.fr\/#organization"},"potentialAction":[{"@type":"SearchAction","target":{"@type":"EntryPoint","urlTemplate":"https:\/\/festivalchateaubleu.fr\/?s={search_term_string}"},"query-input":{"@type":"PropertyValueSpecification","valueRequired":true,"valueName":"search_term_string"}}],"inLanguage":"fr-FR"},{"@type":"Organization","@id":"https:\/\/festivalchateaubleu.fr\/#organization","name":"Festival Ch\u00e2teau Bleu 7","alternateName":"Ch\u00e2teau Bleu","url":"https:\/\/festivalchateaubleu.fr\/","logo":{"@type":"ImageObject","inLanguage":"fr-FR","@id":"https:\/\/festivalchateaubleu.fr\/#\/schema\/logo\/image\/","url":"https:\/\/festivalchateaubleu.fr\/wp-content\/uploads\/2025\/07\/cropped-stickers_V2-removebg-preview.png","contentUrl":"https:\/\/festivalchateaubleu.fr\/wp-content\/uploads\/2025\/07\/cropped-stickers_V2-removebg-preview.png","width":285,"height":307,"caption":"Festival Ch\u00e2teau Bleu 7"},"image":{"@id":"https:\/\/festivalchateaubleu.fr\/#\/schema\/logo\/image\/"},"sameAs":["https:\/\/www.facebook.com\/barbebleuepornic"]}]}},"_links":{"self":[{"href":"https:\/\/festivalchateaubleu.fr\/index.php?rest_route=\/wp\/v2\/pages\/2464","targetHints":{"allow":["GET"]}}],"collection":[{"href":"https:\/\/festivalchateaubleu.fr\/index.php?rest_route=\/wp\/v2\/pages"}],"about":[{"href":"https:\/\/festivalchateaubleu.fr\/index.php?rest_route=\/wp\/v2\/types\/page"}],"author":[{"embeddable":true,"href":"https:\/\/festivalchateaubleu.fr\/index.php?rest_route=\/wp\/v2\/users\/1"}],"replies":[{"embeddable":true,"href":"https:\/\/festivalchateaubleu.fr\/index.php?rest_route=%2Fwp%2Fv2%2Fcomments&post=2464"}],"version-history":[{"count":7,"href":"https:\/\/festivalchateaubleu.fr\/index.php?rest_route=\/wp\/v2\/pages\/2464\/revisions"}],"predecessor-version":[{"id":3012,"href":"https:\/\/festivalchateaubleu.fr\/index.php?rest_route=\/wp\/v2\/pages\/2464\/revisions\/3012"}],"wp:featuredmedia":[{"embeddable":true,"href":"https:\/\/festivalchateaubleu.fr\/index.php?rest_route=\/wp\/v2\/media\/46"}],"wp:attachment":[{"href":"https:\/\/festivalchateaubleu.fr\/index.php?rest_route=%2Fwp%2Fv2%2Fmedia&parent=2464"}],"curies":[{"name":"wp","href":"https:\/\/api.w.org\/{rel}","templated":true}]}}