{"id":2462,"date":"2020-03-28T14:27:20","date_gmt":"2020-03-28T14:27:20","guid":{"rendered":"http:\/\/demo.sharkthemes.com\/musicaholic-pro\/?page_id=55"},"modified":"2025-07-20T18:33:38","modified_gmt":"2025-07-20T16:33:38","slug":"craig-wood","status":"publish","type":"page","link":"https:\/\/festivalchateaubleu.fr\/?page_id=2462","title":{"rendered":"AKIRA YAMAGATA &#8211; Samedi 23\/08"},"content":{"rendered":"\n<h2 class=\"wp-block-heading\">House et Trance progressive<\/h2>\n\n\n\n<div class=\"wp-block-columns is-layout-flex wp-container-core-columns-is-layout-9d6595d7 wp-block-columns-is-layout-flex\">\n<div class=\"wp-block-column is-layout-flow wp-block-column-is-layout-flow\">\n<figure class=\"wp-block-image size-full is-resized\"><img loading=\"lazy\" decoding=\"async\" width=\"440\" height=\"785\" src=\"https:\/\/festivalchateaubleu.fr\/wp-content\/uploads\/2025\/06\/image.png\" alt=\"\" class=\"wp-image-2803\" style=\"width:379px;height:auto\" srcset=\"https:\/\/festivalchateaubleu.fr\/wp-content\/uploads\/2025\/06\/image.png 440w, https:\/\/festivalchateaubleu.fr\/wp-content\/uploads\/2025\/06\/image-168x300.png 168w\" sizes=\"auto, (max-width: 440px) 100vw, 440px\" \/><\/figure>\n<\/div>\n\n\n\n<div class=\"wp-block-column is-layout-flow wp-block-column-is-layout-flow\">\n<p>Akira, de ses origines franco-br\u00e9silo-japonaise incarne une v\u00e9ritable \u00e2me libre et sauvage au c\u0153ur battant d\u2019un rythme universel. Elle tisse des atmosph\u00e8res envo\u00fbtantes, guid\u00e9e par des sonorit\u00e9s cosmiques et hypnotiques, elle c\u00e8de \u00e0 l&rsquo;envo\u00fbtement d&rsquo;une House et Trance progressive. Son voyage s&rsquo;ach\u00e8ve en plongeant dans les abysses profondes de la Deep et Dub Techno o\u00f9 elle se dissout et rena\u00eet.<br>Akira se m\u00e9tamorphose et \u00e9volue, emportant la foule dans une odyss\u00e9e mystique, chaque set devenant un voyage initiatique vers les confins de la transcendance.<\/p>\n\n\n\n<h3 class=\"wp-block-heading\">R\u00e9seaux<\/h3>\n\n\n\n<ul class=\"wp-block-list\">\n<li>SC : <a href=\"https:\/\/soundcloud.com\/akira_petitelola\">https:\/\/soundcloud.com\/akira_petitelola<\/a><\/li>\n\n\n\n<li>Insta : <a href=\"http:\/\/www.instagram.com\/akira_yamagataa\">www.instagram.com\/akira_yamagataa<\/a><\/li>\n\n\n\n<li>RA : <a href=\"https:\/\/ra.co\/dj\/akirayamagata\">https:\/\/ra.co\/dj\/akirayamagata<\/a><\/li>\n\n\n\n<li>Linktr.ee :<a href=\"https:\/\/linktr.ee\/akirayamagata\" target=\"_blank\" rel=\"noreferrer noopener\">https:\/\/linktr.ee\/akirayamagata<\/a><\/li>\n<\/ul>\n<\/div>\n<\/div>\n\n\n\n<div class=\"wp-block-columns is-layout-flex wp-container-core-columns-is-layout-9d6595d7 wp-block-columns-is-layout-flex\">\n<div class=\"wp-block-column is-layout-flow wp-block-column-is-layout-flow\" style=\"flex-basis:100%\"><\/div>\n<\/div>\n","protected":false},"excerpt":{"rendered":"<p>House et Trance progressive Akira, de ses origines franco-br\u00e9silo-japonaise incarne une v\u00e9ritable \u00e2me libre et sauvage au c\u0153ur battant d\u2019un [&hellip;]<\/p>\n","protected":false},"author":1,"featured_media":2804,"parent":0,"menu_order":0,"comment_status":"closed","ping_status":"closed","template":"","meta":{"footnotes":""},"class_list":["post-2462","page","type-page","status-publish","has-post-thumbnail","hentry"],"yoast_head":"<!-- This site is optimized with the Yoast SEO plugin v25.7 - https:\/\/yoast.com\/wordpress\/plugins\/seo\/ -->\n<title>AKIRA YAMAGATA - Samedi 23\/08 - Ch\u00e2teau Bleu<\/title>\n<meta name=\"robots\" content=\"index, follow, max-snippet:-1, max-image-preview:large, max-video-preview:-1\" \/>\n<link rel=\"canonical\" href=\"https:\/\/festivalchateaubleu.fr\/?page_id=2462\" \/>\n<meta property=\"og:locale\" content=\"fr_FR\" \/>\n<meta property=\"og:type\" content=\"article\" \/>\n<meta property=\"og:title\" content=\"AKIRA YAMAGATA - Samedi 23\/08 - Ch\u00e2teau Bleu\" \/>\n<meta property=\"og:description\" content=\"House et Trance progressive Akira, de ses origines franco-br\u00e9silo-japonaise incarne une v\u00e9ritable \u00e2me libre et sauvage au c\u0153ur battant d\u2019un [&hellip;]\" \/>\n<meta property=\"og:url\" content=\"https:\/\/festivalchateaubleu.fr\/?page_id=2462\" \/>\n<meta property=\"og:site_name\" content=\"Ch\u00e2teau Bleu\" \/>\n<meta property=\"article:publisher\" content=\"https:\/\/www.facebook.com\/barbebleuepornic\" \/>\n<meta property=\"article:modified_time\" content=\"2025-07-20T16:33:38+00:00\" \/>\n<meta property=\"og:image\" content=\"http:\/\/festivalchateaubleu.fr\/wp-content\/uploads\/2025\/06\/Akira2.png\" \/>\n\t<meta property=\"og:image:width\" content=\"1172\" \/>\n\t<meta property=\"og:image:height\" content=\"558\" \/>\n\t<meta property=\"og:image:type\" content=\"image\/png\" \/>\n<meta name=\"twitter:card\" content=\"summary_large_image\" \/>\n<meta name=\"twitter:label1\" content=\"Dur\u00e9e de lecture estim\u00e9e\" \/>\n\t<meta name=\"twitter:data1\" content=\"1 minute\" \/>\n<script type=\"application\/ld+json\" class=\"yoast-schema-graph\">{\"@context\":\"https:\/\/schema.org\",\"@graph\":[{\"@type\":\"WebPage\",\"@id\":\"https:\/\/festivalchateaubleu.fr\/?page_id=2462\",\"url\":\"https:\/\/festivalchateaubleu.fr\/?page_id=2462\",\"name\":\"AKIRA YAMAGATA - Samedi 23\/08 - Ch\u00e2teau Bleu\",\"isPartOf\":{\"@id\":\"https:\/\/festivalchateaubleu.fr\/#website\"},\"primaryImageOfPage\":{\"@id\":\"https:\/\/festivalchateaubleu.fr\/?page_id=2462#primaryimage\"},\"image\":{\"@id\":\"https:\/\/festivalchateaubleu.fr\/?page_id=2462#primaryimage\"},\"thumbnailUrl\":\"https:\/\/festivalchateaubleu.fr\/wp-content\/uploads\/2025\/06\/Akira2.png\",\"datePublished\":\"2020-03-28T14:27:20+00:00\",\"dateModified\":\"2025-07-20T16:33:38+00:00\",\"breadcrumb\":{\"@id\":\"https:\/\/festivalchateaubleu.fr\/?page_id=2462#breadcrumb\"},\"inLanguage\":\"fr-FR\",\"potentialAction\":[{\"@type\":\"ReadAction\",\"target\":[\"https:\/\/festivalchateaubleu.fr\/?page_id=2462\"]}]},{\"@type\":\"ImageObject\",\"inLanguage\":\"fr-FR\",\"@id\":\"https:\/\/festivalchateaubleu.fr\/?page_id=2462#primaryimage\",\"url\":\"https:\/\/festivalchateaubleu.fr\/wp-content\/uploads\/2025\/06\/Akira2.png\",\"contentUrl\":\"https:\/\/festivalchateaubleu.fr\/wp-content\/uploads\/2025\/06\/Akira2.png\",\"width\":1172,\"height\":558,\"caption\":\"AKIRA YAMAGATA\"},{\"@type\":\"BreadcrumbList\",\"@id\":\"https:\/\/festivalchateaubleu.fr\/?page_id=2462#breadcrumb\",\"itemListElement\":[{\"@type\":\"ListItem\",\"position\":1,\"name\":\"Accueil\",\"item\":\"https:\/\/festivalchateaubleu.fr\/\"},{\"@type\":\"ListItem\",\"position\":2,\"name\":\"AKIRA YAMAGATA &#8211; Samedi 23\/08\"}]},{\"@type\":\"WebSite\",\"@id\":\"https:\/\/festivalchateaubleu.fr\/#website\",\"url\":\"https:\/\/festivalchateaubleu.fr\/\",\"name\":\"Festival Ch\u00e2teau Bleu 7\",\"description\":\"Musiques \u00e9lectroniques &amp; Arts graphiques\",\"publisher\":{\"@id\":\"https:\/\/festivalchateaubleu.fr\/#organization\"},\"potentialAction\":[{\"@type\":\"SearchAction\",\"target\":{\"@type\":\"EntryPoint\",\"urlTemplate\":\"https:\/\/festivalchateaubleu.fr\/?s={search_term_string}\"},\"query-input\":{\"@type\":\"PropertyValueSpecification\",\"valueRequired\":true,\"valueName\":\"search_term_string\"}}],\"inLanguage\":\"fr-FR\"},{\"@type\":\"Organization\",\"@id\":\"https:\/\/festivalchateaubleu.fr\/#organization\",\"name\":\"Festival Ch\u00e2teau Bleu 7\",\"alternateName\":\"Ch\u00e2teau Bleu\",\"url\":\"https:\/\/festivalchateaubleu.fr\/\",\"logo\":{\"@type\":\"ImageObject\",\"inLanguage\":\"fr-FR\",\"@id\":\"https:\/\/festivalchateaubleu.fr\/#\/schema\/logo\/image\/\",\"url\":\"https:\/\/festivalchateaubleu.fr\/wp-content\/uploads\/2025\/07\/cropped-stickers_V2-removebg-preview.png\",\"contentUrl\":\"https:\/\/festivalchateaubleu.fr\/wp-content\/uploads\/2025\/07\/cropped-stickers_V2-removebg-preview.png\",\"width\":285,\"height\":307,\"caption\":\"Festival Ch\u00e2teau Bleu 7\"},\"image\":{\"@id\":\"https:\/\/festivalchateaubleu.fr\/#\/schema\/logo\/image\/\"},\"sameAs\":[\"https:\/\/www.facebook.com\/barbebleuepornic\"]}]}<\/script>\n<!-- \/ Yoast SEO plugin. -->","yoast_head_json":{"title":"AKIRA YAMAGATA - Samedi 23\/08 - Ch\u00e2teau Bleu","robots":{"index":"index","follow":"follow","max-snippet":"max-snippet:-1","max-image-preview":"max-image-preview:large","max-video-preview":"max-video-preview:-1"},"canonical":"https:\/\/festivalchateaubleu.fr\/?page_id=2462","og_locale":"fr_FR","og_type":"article","og_title":"AKIRA YAMAGATA - Samedi 23\/08 - Ch\u00e2teau Bleu","og_description":"House et Trance progressive Akira, de ses origines franco-br\u00e9silo-japonaise incarne une v\u00e9ritable \u00e2me libre et sauvage au c\u0153ur battant d\u2019un [&hellip;]","og_url":"https:\/\/festivalchateaubleu.fr\/?page_id=2462","og_site_name":"Ch\u00e2teau Bleu","article_publisher":"https:\/\/www.facebook.com\/barbebleuepornic","article_modified_time":"2025-07-20T16:33:38+00:00","og_image":[{"width":1172,"height":558,"url":"http:\/\/festivalchateaubleu.fr\/wp-content\/uploads\/2025\/06\/Akira2.png","type":"image\/png"}],"twitter_card":"summary_large_image","twitter_misc":{"Dur\u00e9e de lecture estim\u00e9e":"1 minute"},"schema":{"@context":"https:\/\/schema.org","@graph":[{"@type":"WebPage","@id":"https:\/\/festivalchateaubleu.fr\/?page_id=2462","url":"https:\/\/festivalchateaubleu.fr\/?page_id=2462","name":"AKIRA YAMAGATA - Samedi 23\/08 - Ch\u00e2teau Bleu","isPartOf":{"@id":"https:\/\/festivalchateaubleu.fr\/#website"},"primaryImageOfPage":{"@id":"https:\/\/festivalchateaubleu.fr\/?page_id=2462#primaryimage"},"image":{"@id":"https:\/\/festivalchateaubleu.fr\/?page_id=2462#primaryimage"},"thumbnailUrl":"https:\/\/festivalchateaubleu.fr\/wp-content\/uploads\/2025\/06\/Akira2.png","datePublished":"2020-03-28T14:27:20+00:00","dateModified":"2025-07-20T16:33:38+00:00","breadcrumb":{"@id":"https:\/\/festivalchateaubleu.fr\/?page_id=2462#breadcrumb"},"inLanguage":"fr-FR","potentialAction":[{"@type":"ReadAction","target":["https:\/\/festivalchateaubleu.fr\/?page_id=2462"]}]},{"@type":"ImageObject","inLanguage":"fr-FR","@id":"https:\/\/festivalchateaubleu.fr\/?page_id=2462#primaryimage","url":"https:\/\/festivalchateaubleu.fr\/wp-content\/uploads\/2025\/06\/Akira2.png","contentUrl":"https:\/\/festivalchateaubleu.fr\/wp-content\/uploads\/2025\/06\/Akira2.png","width":1172,"height":558,"caption":"AKIRA YAMAGATA"},{"@type":"BreadcrumbList","@id":"https:\/\/festivalchateaubleu.fr\/?page_id=2462#breadcrumb","itemListElement":[{"@type":"ListItem","position":1,"name":"Accueil","item":"https:\/\/festivalchateaubleu.fr\/"},{"@type":"ListItem","position":2,"name":"AKIRA YAMAGATA &#8211; Samedi 23\/08"}]},{"@type":"WebSite","@id":"https:\/\/festivalchateaubleu.fr\/#website","url":"https:\/\/festivalchateaubleu.fr\/","name":"Festival Ch\u00e2teau Bleu 7","description":"Musiques \u00e9lectroniques &amp; Arts graphiques","publisher":{"@id":"https:\/\/festivalchateaubleu.fr\/#organization"},"potentialAction":[{"@type":"SearchAction","target":{"@type":"EntryPoint","urlTemplate":"https:\/\/festivalchateaubleu.fr\/?s={search_term_string}"},"query-input":{"@type":"PropertyValueSpecification","valueRequired":true,"valueName":"search_term_string"}}],"inLanguage":"fr-FR"},{"@type":"Organization","@id":"https:\/\/festivalchateaubleu.fr\/#organization","name":"Festival Ch\u00e2teau Bleu 7","alternateName":"Ch\u00e2teau Bleu","url":"https:\/\/festivalchateaubleu.fr\/","logo":{"@type":"ImageObject","inLanguage":"fr-FR","@id":"https:\/\/festivalchateaubleu.fr\/#\/schema\/logo\/image\/","url":"https:\/\/festivalchateaubleu.fr\/wp-content\/uploads\/2025\/07\/cropped-stickers_V2-removebg-preview.png","contentUrl":"https:\/\/festivalchateaubleu.fr\/wp-content\/uploads\/2025\/07\/cropped-stickers_V2-removebg-preview.png","width":285,"height":307,"caption":"Festival Ch\u00e2teau Bleu 7"},"image":{"@id":"https:\/\/festivalchateaubleu.fr\/#\/schema\/logo\/image\/"},"sameAs":["https:\/\/www.facebook.com\/barbebleuepornic"]}]}},"_links":{"self":[{"href":"https:\/\/festivalchateaubleu.fr\/index.php?rest_route=\/wp\/v2\/pages\/2462","targetHints":{"allow":["GET"]}}],"collection":[{"href":"https:\/\/festivalchateaubleu.fr\/index.php?rest_route=\/wp\/v2\/pages"}],"about":[{"href":"https:\/\/festivalchateaubleu.fr\/index.php?rest_route=\/wp\/v2\/types\/page"}],"author":[{"embeddable":true,"href":"https:\/\/festivalchateaubleu.fr\/index.php?rest_route=\/wp\/v2\/users\/1"}],"replies":[{"embeddable":true,"href":"https:\/\/festivalchateaubleu.fr\/index.php?rest_route=%2Fwp%2Fv2%2Fcomments&post=2462"}],"version-history":[{"count":8,"href":"https:\/\/festivalchateaubleu.fr\/index.php?rest_route=\/wp\/v2\/pages\/2462\/revisions"}],"predecessor-version":[{"id":3008,"href":"https:\/\/festivalchateaubleu.fr\/index.php?rest_route=\/wp\/v2\/pages\/2462\/revisions\/3008"}],"wp:featuredmedia":[{"embeddable":true,"href":"https:\/\/festivalchateaubleu.fr\/index.php?rest_route=\/wp\/v2\/media\/2804"}],"wp:attachment":[{"href":"https:\/\/festivalchateaubleu.fr\/index.php?rest_route=%2Fwp%2Fv2%2Fmedia&parent=2462"}],"curies":[{"name":"wp","href":"https:\/\/api.w.org\/{rel}","templated":true}]}}